{"id":1276,"date":"2014-05-08T18:44:19","date_gmt":"2014-05-08T16:44:19","guid":{"rendered":"http:\/\/traumwandler.de\/testlabor\/?page_id=1276"},"modified":"2023-08-04T19:16:09","modified_gmt":"2023-08-04T17:16:09","slug":"abenteuer-fotografie","status":"publish","type":"page","link":"https:\/\/traumwandler.de\/site\/abenteuer-fotografie\/","title":{"rendered":"Abenteuer Fotografie"},"content":{"rendered":"<div class=\"frame\">\n<div class=\"innerbox\">\n<div class=\"col span_12 has-animation\" data-animation=\"grow-in\" data-delay=\"300\"> <\/p>\n<h1 class=\"pt white2\">Abenteuer Fotografie &#8211; das Auge dahinter<\/h1>\n<\/div><div class=\"clear\"><\/div>\n<div class=\"col span_6 has-animation\" data-animation=\"grow-in\" data-delay=\"300\"> <\/p>\n<div style=\"width:390px;height:auto;\">\n\t\t<!-- MasterSlider -->\n\t\t<div id=\"P_MS69e16ffcb6bb1\" class=\"master-slider-parent msl ms-parent-id-1\" style=\"max-width:800px;\">\n\n\t\t\t\n\t\t\t<!-- MasterSlider Main -->\n\t\t\t<div id=\"MS69e16ffcb6bb1\" class=\"master-slider ms-skin-light-3\" >\n\t\t\t\t \t\t\t\t \n\t\t\t\t<div  class=\"ms-slide\" data-delay=\"3\" data-fill-mode=\"fill\"  >\n\t\t\t\t\t<img decoding=\"async\" src=\"https:\/\/traumwandler.de\/site\/wp-content\/plugins\/master-slider\/public\/assets\/css\/blank.gif\" alt=\"Michael Fischer - Fotograf, Frankfurt\" title=\"\" data-src=\"https:\/\/traumwandler.de\/site\/wp-content\/uploads\/2016\/10\/1.png\" \/>\n\n\n\t<div class=\"ms-thumb\" ><div class=\"ms-tab-context\"><div class=\"&quot;ms-tab-context&quot;\"><\/div><\/div>\n<\/div>\n\t\t\t\t<\/div>\n\t\t\t\t<div  class=\"ms-slide\" data-delay=\"3\" data-fill-mode=\"fill\"  >\n\t\t\t\t\t<img decoding=\"async\" src=\"https:\/\/traumwandler.de\/site\/wp-content\/plugins\/master-slider\/public\/assets\/css\/blank.gif\" alt=\"Michael Fischer - Fotograf, Frankfurt\" title=\"\" data-src=\"https:\/\/traumwandler.de\/site\/wp-content\/uploads\/2016\/10\/2.png\" \/>\n\n\n\t<div class=\"ms-thumb\" ><div class=\"ms-tab-context\"><div class=\"&quot;ms-tab-context&quot;\"><\/div><\/div>\n<\/div>\n\t\t\t\t<\/div>\n\t\t\t\t<div  class=\"ms-slide\" data-delay=\"3\" data-fill-mode=\"fill\"  >\n\t\t\t\t\t<img decoding=\"async\" src=\"https:\/\/traumwandler.de\/site\/wp-content\/plugins\/master-slider\/public\/assets\/css\/blank.gif\" alt=\"Michael Fischer - Fotograf, Frankfurt\" title=\"\" data-src=\"https:\/\/traumwandler.de\/site\/wp-content\/uploads\/2016\/10\/3.png\" \/>\n\n\n\t<div class=\"ms-thumb\" ><div class=\"ms-tab-context\"><div class=\"&quot;ms-tab-context&quot;\"><\/div><\/div>\n<\/div>\n\t\t\t\t<\/div>\n\t\t\t\t<div  class=\"ms-slide\" data-delay=\"3\" data-fill-mode=\"fill\"  >\n\t\t\t\t\t<img decoding=\"async\" src=\"https:\/\/traumwandler.de\/site\/wp-content\/plugins\/master-slider\/public\/assets\/css\/blank.gif\" alt=\"Michael Fischer - Fotograf, Frankfurt\" title=\"\" data-src=\"https:\/\/traumwandler.de\/site\/wp-content\/uploads\/2016\/10\/4.png\" \/>\n\n\n\t<div class=\"ms-thumb\" ><div class=\"ms-tab-context\"><div class=\"&quot;ms-tab-context&quot;\"><\/div><\/div>\n<\/div>\n\t\t\t\t<\/div>\n\t\t\t\t<div  class=\"ms-slide\" data-delay=\"3\" data-fill-mode=\"fill\"  >\n\t\t\t\t\t<img decoding=\"async\" src=\"https:\/\/traumwandler.de\/site\/wp-content\/plugins\/master-slider\/public\/assets\/css\/blank.gif\" alt=\"Michael Fischer - Fotograf, Frankfurt\" title=\"\" data-src=\"https:\/\/traumwandler.de\/site\/wp-content\/uploads\/2016\/10\/5.png\" \/>\n\n\n\t<div class=\"ms-thumb\" ><div class=\"ms-tab-context\"><div class=\"&quot;ms-tab-context&quot;\"><\/div><\/div>\n<\/div>\n\t\t\t\t<\/div>\n\t\t\t\t<div  class=\"ms-slide\" data-delay=\"3\" data-fill-mode=\"fill\"  >\n\t\t\t\t\t<img decoding=\"async\" src=\"https:\/\/traumwandler.de\/site\/wp-content\/plugins\/master-slider\/public\/assets\/css\/blank.gif\" alt=\"Michael Fischer - Fotograf, Frankfurt\" title=\"\" data-src=\"https:\/\/traumwandler.de\/site\/wp-content\/uploads\/2016\/10\/6.png\" \/>\n\n\n\t<div class=\"ms-thumb\" ><div class=\"ms-tab-context\"><div class=\"&quot;ms-tab-context&quot;\"><\/div><\/div>\n<\/div>\n\t\t\t\t<\/div>\n\t\t\t\t<div  class=\"ms-slide\" data-delay=\"3\" data-fill-mode=\"fill\"  >\n\t\t\t\t\t<img decoding=\"async\" src=\"https:\/\/traumwandler.de\/site\/wp-content\/plugins\/master-slider\/public\/assets\/css\/blank.gif\" alt=\"Michael Fischer - Fotograf, Frankfurt\" title=\"\" data-src=\"https:\/\/traumwandler.de\/site\/wp-content\/uploads\/2016\/10\/7.png\" \/>\n\n\n\t<div class=\"ms-thumb\" ><div class=\"ms-tab-context\"><div class=\"&quot;ms-tab-context&quot;\"><\/div><\/div>\n<\/div>\n\t\t\t\t<\/div>\n\t\t\t\t<div  class=\"ms-slide\" data-delay=\"3\" data-fill-mode=\"fill\"  >\n\t\t\t\t\t<img decoding=\"async\" src=\"https:\/\/traumwandler.de\/site\/wp-content\/plugins\/master-slider\/public\/assets\/css\/blank.gif\" alt=\"Michael Fischer - Fotograf, Frankfurt\" title=\"\" data-src=\"https:\/\/traumwandler.de\/site\/wp-content\/uploads\/2016\/10\/8.png\" \/>\n\n\n\t<div class=\"ms-thumb\" ><div class=\"ms-tab-context\"><div class=\"&quot;ms-tab-context&quot;\"><\/div><\/div>\n<\/div>\n\t\t\t\t<\/div>\n\t\t\t\t<div  class=\"ms-slide\" data-delay=\"3\" data-fill-mode=\"fill\"  >\n\t\t\t\t\t<img decoding=\"async\" src=\"https:\/\/traumwandler.de\/site\/wp-content\/plugins\/master-slider\/public\/assets\/css\/blank.gif\" alt=\"Michael Fischer - Fotograf, Frankfurt\" title=\"\" data-src=\"https:\/\/traumwandler.de\/site\/wp-content\/uploads\/2016\/10\/9.png\" \/>\n\n\n\t<div class=\"ms-thumb\" ><div class=\"ms-tab-context\"><div class=\"&quot;ms-tab-context&quot;\"><\/div><\/div>\n<\/div>\n\t\t\t\t<\/div>\n\t\t\t\t<div  class=\"ms-slide\" data-delay=\"3\" data-fill-mode=\"fill\"  >\n\t\t\t\t\t<img decoding=\"async\" src=\"https:\/\/traumwandler.de\/site\/wp-content\/plugins\/master-slider\/public\/assets\/css\/blank.gif\" alt=\"Michael Fischer - Fotograf, Frankfurt\" title=\"\" data-src=\"https:\/\/traumwandler.de\/site\/wp-content\/uploads\/2016\/10\/10.png\" \/>\n\n\n\t<div class=\"ms-thumb\" ><div class=\"ms-tab-context\"><div class=\"&quot;ms-tab-context&quot;\"><\/div><\/div>\n<\/div>\n\t\t\t\t<\/div>\n\n\t\t\t<\/div>\n\t\t\t<!-- END MasterSlider Main -->\n\n\t\t\t \n\t\t<\/div>\n\t\t<!-- END MasterSlider -->\n\n\t\t<script>\n\t\t(function ( $ ) {\n\t\t\t\"use strict\";\n\n\t\t\t$(function () {\n\t\t\t\tvar masterslider_6bb1 = new MasterSlider();\n\n\t\t\t\t\/\/ slider controls\n\n\t\t\t\tmasterslider_6bb1.control('scrollbar'  ,{ autohide:false, overVideo:true, dir:'h', inset:true, align:'top', color:'#3D3D3D' , margin:10  , width:4 });\n\t\t\t\tmasterslider_6bb1.control('timebar'    ,{ autohide:false, overVideo:true, align:'bottom', color:'#FFFFFF'  , width:4 });\n\t\t\t\t\/\/ slider setup\n\t\t\t\tmasterslider_6bb1.setup(\"MS69e16ffcb6bb1\", {\n\t\t\t\t\t\twidth           : 800,\n\t\t\t\t\t\theight          : 480,\n\t\t\t\t\t\tminHeight       : 0,\n\t\t\t\t\t\tspace           : 0,\n\t\t\t\t\t\tstart           : 1,\n\t\t\t\t\t\tgrabCursor      : true,\n\t\t\t\t\t\tswipe           : true,\n\t\t\t\t\t\tmouse           : true,\n\t\t\t\t\t\tlayout          : \"boxed\",\n\t\t\t\t\t\twheel           : false,\n\t\t\t\t\t\tautoplay        : true,\n\t\t\t\t\t\tinstantStartLayers:false,\n\t\t\t\t\t\tloop            : true,\n\t\t\t\t\t\tshuffle         : false,\n\t\t\t\t\t\tpreload         : 0,\n\t\t\t\t\t\theightLimit     : true,\n\t\t\t\t\t\tautoHeight      : false,\n\t\t\t\t\t\tsmoothHeight    : true,\n\t\t\t\t\t\tendPause        : false,\n\t\t\t\t\t\toverPause       : true,\n\t\t\t\t\t\tfillMode        : \"fill\",\n\t\t\t\t\t\tcenterControls  : true,\n\t\t\t\t\t\tstartOnAppear   : false,\n\t\t\t\t\t\tlayersMode      : \"center\",\n\t\t\t\t\t\thideLayers      : false,\n\t\t\t\t\t\tfullscreenMargin: 0,\n\t\t\t\t\t\tspeed           : 20,\n\t\t\t\t\t\tdir             : \"h\",\n\t\t\t\t\t\tparallaxMode    : 'swipe',\n\t\t\t\t\t\tview            : \"fade\"\n\t\t\t\t});\n\n\t\t\t\t\n\t\t\t\twindow.masterslider_instances = window.masterslider_instances || [];\n\t\t\t\twindow.masterslider_instances.push( masterslider_6bb1 );\n\t\t\t });\n\n\t\t})(jQuery);\n\t\t<\/script>\n\n<\/div>\n<\/div>\n<div class=\"col span_6 col_last has-animation\" data-animation=\"grow-in\" data-delay=\"400\"> <\/p>\n<div style=\"float:right;border: 1px dotted #aaa;padding: 15px;\">\n<h1 style=\"font-size:16px;margin-top:18px;\" class=\"pt white2\"><b style=\"font-size:30px;margin-bottom:30px;\">Vortrag:<\/b><\/h1>\n<li>Live kommentierte Multivisionsshow mit musikalischen Passagen<\/li>\n<li>Vortragsdauer 2x 60 min (mit Pause)<\/li>\n<li>550 Fotografien und einige Filmsequenzen<\/li>\n<li>Digitale Projektion mit modernster HDAV-Technik<\/li>\n<\/h1>\n<p><img decoding=\"async\" src=\"http:\/\/traumwandler.de\/site\/wp-content\/uploads\/2016\/06\/stempel_aktuell-1.png\" style=\"z-index:5;position:absolute;top:20px;right:27px;width:120px;height:auto;\">\n<\/div>\n<\/div><div class=\"clear\"><\/div>\n<div class=\"col span_12 has-animation\" data-animation=\"grow-in\" data-delay=\"300\"> <\/p>\n<p class=\"cutive white2\">Michael Fischer zeigt seine besten Bilder aus 30 Jahren Reise- und Wildlife-Fotografie und f\u00fchrt dabei live kommentiert durch die unterschiedlichsten Foto-Projekte.<\/p>\n<p class=\"cutive white2\">Der begeisterte Naturfotograf zeigt packende Bilder vom Sportklettern, Hochtouren, Expedition, Trekking, Schneeschuh- und Klettersteig-Gehen.<\/p>\n<p class=\"cutive white2\">Begleiten Sie Michael Fischer unter anderem in das faszinierende Chaos Indiens und Nepals, in den br\u00fcllend hei\u00dfen Dschungel Costa Ricas und als H\u00f6hepunkt zu den zutraulichen Pinguinen der Falkland-Inseln. Der erfahrene Fotograf gibt tiefe Einblicke in das Thema Foto-Ausr\u00fcstung und gibt Tipps zu den Themen Bildgestaltung, Serienfotografie und Sozial-Reportage.<\/p>\n<p class=\"cutive white2\">Michael Fischer erz\u00e4hlt die spannenden Geschichten hinter den Bildern: welchen Aufwand bedeutet es, Kletterfotos zu machen? Wie nehme ich Kontakt zu einem nepalesischen Sadhu auf, wenn ich ihn fotografieren will und wie nah komme ich an einen gef\u00e4hrlichen Seel\u00f6wen heran?<\/p>\n<p class=\"cutive white2\">Aber auch skurrile Fragen tauchen auf: warum serviert der Wirt einer Schweizer Alpenh\u00fctte mit Absicht einen v\u00f6llig ungenie\u00dfbaren Toast? Wie f\u00fcttert man 12 Murmeltiere auf einmal? Und wie duschen sich Pinguine?<\/p>\n<p class=\"cutive white2\">Der Vortrag \u00fcberrascht durch exotische Blickwinkel und den Blick hinter die Arbeitskulisse eines professionellen Fotografen, freuen Sie sich auf einen unvergesslichen Abend mit den Bildern und packenden Geschichten des weitgereisten Referenten.<\/p>\n<\/div><div class=\"clear\"><\/div>\n<\/div>\n<\/div>\n<div class=\"downtitle\">ABENTEUER FOTOGRAFIE<\/div>\n<div id=\"googlefind\">\n<h2>traumwandler, michael fischer, fotografie, outdoor, frankfurt, abenteuer, fotografie, Diashow, Multivisionsshow, Naturfotograf, Sportklettern, Hochtouren, Expedition, Trekking, Schneeschuh- und Klettersteig-Gehen, Falkland-Inseln, Foto-Ausr\u00fcstung, Bildgestaltung, Kletterfotos, Vortrag, Dia-Vortrag, Schweizer Alpenh\u00fctte, Sozial-Reportage, Geschichten, Rhein-Main, Klettern<\/h2>\n<p><a href=\"http:\/\/traumwandler.de\/site\/abenteuer-fotografie\" target=\"_self\" title=\"traumwandler | Michael Fischer - Abenteuer Fotografie\" alt=\"traumwandler | Michael Fischer - Abenteuer Fotografie\" rel=\"noopener noreferrer\">Abenteuer Fotografie<\/a><br \/>\n<a href=\"http:\/\/traumwandler.de\/site\/ausruestung\" target=\"_self\" title=\"traumwandler | Michael Fischer - Ausr\u00fcstung\" alt=\"traumwandler | Michael Fischer - Ausr\u00fcstung\" rel=\"noopener noreferrer\">Ausr\u00fcstung<\/a><br \/>\n<a href=\"http:\/\/traumwandler.de\/site\/bilder-shop\" target=\"_self\" title=\"traumwandler | Michael Fischer - Bilder-Shop\" alt=\"traumwandler | Michael Fischer - Bilder-Shop\" rel=\"noopener noreferrer\">Bilder-Shop<\/a><br \/>\n<a href=\"http:\/\/traumwandler.de\/site\/impressum\" target=\"_self\" title=\"traumwandler | Michael Fischer - Impressum\" alt=\"traumwandler | Michael Fischer - Impressum\" rel=\"noopener noreferrer\">Impressum<\/a><br \/>\n<a href=\"http:\/\/traumwandler.de\/site\/kontakt\" target=\"_self\" title=\"traumwandler | Michael Fischer - Kontakt\" alt=\"traumwandler | Michael Fischer - Kontakt\" rel=\"noopener noreferrer\">Kontakt<\/a><br \/>\n<a href=\"http:\/\/traumwandler.de\/site\/links\" target=\"_self\" title=\"traumwandler | Michael Fischer - Links\" alt=\"traumwandler | Michael Fischer - Links\" rel=\"noopener noreferrer\">Links<\/a><br \/>\n<a href=\"http:\/\/traumwandler.de\/site\/reportage\" target=\"_self\" title=\"traumwandler | Michael Fischer - Reportage\" alt=\"traumwandler | Michael Fischer - Reportage\" rel=\"noopener noreferrer\">Reportage<\/a><br \/>\n<a href=\"http:\/\/traumwandler.de\/site\/scans\" target=\"_self\" title=\"traumwandler | Michael Fischer - Scans\" alt=\"traumwandler | Michael Fischer - Scans\" rel=\"noopener noreferrer\">Scans<\/a><br \/>\n<a href=\"http:\/\/traumwandler.de\/site\/vita\" target=\"_self\" title=\"traumwandler | Michael Fischer - Vita\" alt=\"traumwandler | Michael Fischer - Vita\" rel=\"noopener noreferrer\">Vita<\/a><br \/>\n<a href=\"http:\/\/traumwandler.de\/site\/traumwandler\" target=\"_self\" title=\"traumwandler | Michael Fischer - Traumwandler\" alt=\"traumwandler | Michael Fischer - Traumwandler\" rel=\"noopener noreferrer\">Traumwandler<\/a><br \/>\n<a href=\"http:\/\/traumwandler.de\/site\/workshops\" target=\"_self\" title=\"traumwandler | Michael Fischer - Workshops\" alt=\"traumwandler | Michael Fischer - Workshops\" rel=\"noopener noreferrer\">Workshops<\/a>\n<\/div>\n","protected":false},"excerpt":{"rendered":"<p>ABENTEUER FOTOGRAFIE traumwandler, michael fischer, fotografie, outdoor, frankfurt, abenteuer, fotografie, Diashow, Multivisionsshow, Naturfotograf, Sportklettern, Hochtouren, Expedition, Trekking, Schneeschuh- und Klettersteig-Gehen, Falkland-Inseln, Foto-Ausr\u00fcstung, Bildgestaltung, Kletterfotos, Vortrag, Dia-Vortrag, Schweizer Alpenh\u00fctte, Sozial-Reportage, Geschichten,&#8230;<\/p>\n","protected":false},"author":4,"featured_media":0,"parent":0,"menu_order":0,"comment_status":"closed","ping_status":"closed","template":"","meta":{"footnotes":""},"class_list":["post-1276","page","type-page","status-publish"],"yoast_head":"<!-- This site is optimized with the Yoast SEO plugin v27.3 - https:\/\/yoast.com\/product\/yoast-seo-wordpress\/ -->\n<title>Abenteuer Fotografie - traumwandler<\/title>\n<meta name=\"robots\" content=\"index, follow, max-snippet:-1, max-image-preview:large, max-video-preview:-1\" \/>\n<link rel=\"canonical\" href=\"https:\/\/traumwandler.de\/site\/abenteuer-fotografie\/\" \/>\n<meta property=\"og:locale\" content=\"de_DE\" \/>\n<meta property=\"og:type\" content=\"article\" \/>\n<meta property=\"og:title\" content=\"Abenteuer Fotografie - traumwandler\" \/>\n<meta property=\"og:description\" content=\"ABENTEUER FOTOGRAFIE traumwandler, michael fischer, fotografie, outdoor, frankfurt, abenteuer, fotografie, Diashow, Multivisionsshow, Naturfotograf, Sportklettern, Hochtouren, Expedition, Trekking, Schneeschuh- und Klettersteig-Gehen, Falkland-Inseln, Foto-Ausr\u00fcstung, Bildgestaltung, Kletterfotos, Vortrag, Dia-Vortrag, Schweizer Alpenh\u00fctte, Sozial-Reportage, Geschichten,...\" \/>\n<meta property=\"og:url\" content=\"https:\/\/traumwandler.de\/site\/abenteuer-fotografie\/\" \/>\n<meta property=\"og:site_name\" content=\"traumwandler\" \/>\n<meta property=\"article:modified_time\" content=\"2023-08-04T17:16:09+00:00\" \/>\n<meta property=\"og:image\" content=\"http:\/\/traumwandler.de\/site\/wp-content\/uploads\/2016\/06\/stempel_aktuell-1.png\" \/>\n<meta name=\"twitter:card\" content=\"summary_large_image\" \/>\n<meta name=\"twitter:label1\" content=\"Gesch\u00e4tzte Lesezeit\" \/>\n\t<meta name=\"twitter:data1\" content=\"2\u00a0Minuten\" \/>\n<script type=\"application\/ld+json\" class=\"yoast-schema-graph\">{\"@context\":\"https:\\\/\\\/schema.org\",\"@graph\":[{\"@type\":\"WebPage\",\"@id\":\"https:\\\/\\\/traumwandler.de\\\/site\\\/abenteuer-fotografie\\\/\",\"url\":\"https:\\\/\\\/traumwandler.de\\\/site\\\/abenteuer-fotografie\\\/\",\"name\":\"Abenteuer Fotografie - traumwandler\",\"isPartOf\":{\"@id\":\"https:\\\/\\\/traumwandler.de\\\/site\\\/#website\"},\"primaryImageOfPage\":{\"@id\":\"https:\\\/\\\/traumwandler.de\\\/site\\\/abenteuer-fotografie\\\/#primaryimage\"},\"image\":{\"@id\":\"https:\\\/\\\/traumwandler.de\\\/site\\\/abenteuer-fotografie\\\/#primaryimage\"},\"thumbnailUrl\":\"http:\\\/\\\/traumwandler.de\\\/site\\\/wp-content\\\/uploads\\\/2016\\\/06\\\/stempel_aktuell-1.png\",\"datePublished\":\"2014-05-08T16:44:19+00:00\",\"dateModified\":\"2023-08-04T17:16:09+00:00\",\"breadcrumb\":{\"@id\":\"https:\\\/\\\/traumwandler.de\\\/site\\\/abenteuer-fotografie\\\/#breadcrumb\"},\"inLanguage\":\"de\",\"potentialAction\":[{\"@type\":\"ReadAction\",\"target\":[\"https:\\\/\\\/traumwandler.de\\\/site\\\/abenteuer-fotografie\\\/\"]}]},{\"@type\":\"ImageObject\",\"inLanguage\":\"de\",\"@id\":\"https:\\\/\\\/traumwandler.de\\\/site\\\/abenteuer-fotografie\\\/#primaryimage\",\"url\":\"http:\\\/\\\/traumwandler.de\\\/site\\\/wp-content\\\/uploads\\\/2016\\\/06\\\/stempel_aktuell-1.png\",\"contentUrl\":\"http:\\\/\\\/traumwandler.de\\\/site\\\/wp-content\\\/uploads\\\/2016\\\/06\\\/stempel_aktuell-1.png\"},{\"@type\":\"BreadcrumbList\",\"@id\":\"https:\\\/\\\/traumwandler.de\\\/site\\\/abenteuer-fotografie\\\/#breadcrumb\",\"itemListElement\":[{\"@type\":\"ListItem\",\"position\":1,\"name\":\"Startseite\",\"item\":\"https:\\\/\\\/traumwandler.de\\\/site\\\/\"},{\"@type\":\"ListItem\",\"position\":2,\"name\":\"Abenteuer Fotografie\"}]},{\"@type\":\"WebSite\",\"@id\":\"https:\\\/\\\/traumwandler.de\\\/site\\\/#website\",\"url\":\"https:\\\/\\\/traumwandler.de\\\/site\\\/\",\"name\":\"traumwandler\",\"description\":\"\",\"potentialAction\":[{\"@type\":\"SearchAction\",\"target\":{\"@type\":\"EntryPoint\",\"urlTemplate\":\"https:\\\/\\\/traumwandler.de\\\/site\\\/?s={search_term_string}\"},\"query-input\":{\"@type\":\"PropertyValueSpecification\",\"valueRequired\":true,\"valueName\":\"search_term_string\"}}],\"inLanguage\":\"de\"}]}<\/script>\n<!-- \/ Yoast SEO plugin. -->","yoast_head_json":{"title":"Abenteuer Fotografie - traumwandler","robots":{"index":"index","follow":"follow","max-snippet":"max-snippet:-1","max-image-preview":"max-image-preview:large","max-video-preview":"max-video-preview:-1"},"canonical":"https:\/\/traumwandler.de\/site\/abenteuer-fotografie\/","og_locale":"de_DE","og_type":"article","og_title":"Abenteuer Fotografie - traumwandler","og_description":"ABENTEUER FOTOGRAFIE traumwandler, michael fischer, fotografie, outdoor, frankfurt, abenteuer, fotografie, Diashow, Multivisionsshow, Naturfotograf, Sportklettern, Hochtouren, Expedition, Trekking, Schneeschuh- und Klettersteig-Gehen, Falkland-Inseln, Foto-Ausr\u00fcstung, Bildgestaltung, Kletterfotos, Vortrag, Dia-Vortrag, Schweizer Alpenh\u00fctte, Sozial-Reportage, Geschichten,...","og_url":"https:\/\/traumwandler.de\/site\/abenteuer-fotografie\/","og_site_name":"traumwandler","article_modified_time":"2023-08-04T17:16:09+00:00","og_image":[{"url":"http:\/\/traumwandler.de\/site\/wp-content\/uploads\/2016\/06\/stempel_aktuell-1.png","type":"","width":"","height":""}],"twitter_card":"summary_large_image","twitter_misc":{"Gesch\u00e4tzte Lesezeit":"2\u00a0Minuten"},"schema":{"@context":"https:\/\/schema.org","@graph":[{"@type":"WebPage","@id":"https:\/\/traumwandler.de\/site\/abenteuer-fotografie\/","url":"https:\/\/traumwandler.de\/site\/abenteuer-fotografie\/","name":"Abenteuer Fotografie - traumwandler","isPartOf":{"@id":"https:\/\/traumwandler.de\/site\/#website"},"primaryImageOfPage":{"@id":"https:\/\/traumwandler.de\/site\/abenteuer-fotografie\/#primaryimage"},"image":{"@id":"https:\/\/traumwandler.de\/site\/abenteuer-fotografie\/#primaryimage"},"thumbnailUrl":"http:\/\/traumwandler.de\/site\/wp-content\/uploads\/2016\/06\/stempel_aktuell-1.png","datePublished":"2014-05-08T16:44:19+00:00","dateModified":"2023-08-04T17:16:09+00:00","breadcrumb":{"@id":"https:\/\/traumwandler.de\/site\/abenteuer-fotografie\/#breadcrumb"},"inLanguage":"de","potentialAction":[{"@type":"ReadAction","target":["https:\/\/traumwandler.de\/site\/abenteuer-fotografie\/"]}]},{"@type":"ImageObject","inLanguage":"de","@id":"https:\/\/traumwandler.de\/site\/abenteuer-fotografie\/#primaryimage","url":"http:\/\/traumwandler.de\/site\/wp-content\/uploads\/2016\/06\/stempel_aktuell-1.png","contentUrl":"http:\/\/traumwandler.de\/site\/wp-content\/uploads\/2016\/06\/stempel_aktuell-1.png"},{"@type":"BreadcrumbList","@id":"https:\/\/traumwandler.de\/site\/abenteuer-fotografie\/#breadcrumb","itemListElement":[{"@type":"ListItem","position":1,"name":"Startseite","item":"https:\/\/traumwandler.de\/site\/"},{"@type":"ListItem","position":2,"name":"Abenteuer Fotografie"}]},{"@type":"WebSite","@id":"https:\/\/traumwandler.de\/site\/#website","url":"https:\/\/traumwandler.de\/site\/","name":"traumwandler","description":"","potentialAction":[{"@type":"SearchAction","target":{"@type":"EntryPoint","urlTemplate":"https:\/\/traumwandler.de\/site\/?s={search_term_string}"},"query-input":{"@type":"PropertyValueSpecification","valueRequired":true,"valueName":"search_term_string"}}],"inLanguage":"de"}]}},"_links":{"self":[{"href":"https:\/\/traumwandler.de\/site\/wp-json\/wp\/v2\/pages\/1276","targetHints":{"allow":["GET"]}}],"collection":[{"href":"https:\/\/traumwandler.de\/site\/wp-json\/wp\/v2\/pages"}],"about":[{"href":"https:\/\/traumwandler.de\/site\/wp-json\/wp\/v2\/types\/page"}],"author":[{"embeddable":true,"href":"https:\/\/traumwandler.de\/site\/wp-json\/wp\/v2\/users\/4"}],"replies":[{"embeddable":true,"href":"https:\/\/traumwandler.de\/site\/wp-json\/wp\/v2\/comments?post=1276"}],"version-history":[{"count":0,"href":"https:\/\/traumwandler.de\/site\/wp-json\/wp\/v2\/pages\/1276\/revisions"}],"wp:attachment":[{"href":"https:\/\/traumwandler.de\/site\/wp-json\/wp\/v2\/media?parent=1276"}],"curies":[{"name":"wp","href":"https:\/\/api.w.org\/{rel}","templated":true}]}}